{"id":18639,"date":"2024-12-10T19:18:41","date_gmt":"2024-12-10T18:18:41","guid":{"rendered":"https:\/\/lapintoramica.com\/?post_type=product&#038;p=18639"},"modified":"2025-10-19T11:00:30","modified_gmt":"2025-10-19T09:00:30","slug":"taller-decoracion-ceramica-2","status":"publish","type":"product","link":"https:\/\/lapintoramica.com\/es\/producto-2\/taller-decoracion-ceramica-2\/","title":{"rendered":"TALLER DECORACI\u00d3N CER\u00c1MICA"},"content":{"rendered":"<p>Descubre tu lado creativo en nuestro taller de decoraci\u00f3n en cer\u00e1mica. Aprende t\u00e9cnicas para esmaltar, pintar y personalizar prendas de esta categor\u00eda.<\/p>","protected":false},"excerpt":{"rendered":"<p>Taller de decoraci\u00f3n cer\u00e1mica en Barcelona, donde aprender\u00e1s diferentes t\u00e9cnicas para que puedas decorar cer\u00e1mica. Con este taller podr\u00e1s escoger estas piezas de cer\u00e1mica para pintar.<\/p>","protected":false},"featured_media":18657,"comment_status":"open","ping_status":"closed","template":"","meta":{"_eb_attr":""},"product_brand":[],"product_cat":[81],"product_tag":[],"class_list":{"0":"post-18639","1":"product","2":"type-product","3":"status-publish","4":"has-post-thumbnail","6":"product_cat-ceramica","8":"first","9":"instock","10":"taxable","11":"shipping-taxable","12":"purchasable","13":"product-type-simple"},"_links":{"self":[{"href":"https:\/\/lapintoramica.com\/es\/wp-json\/wp\/v2\/product\/18639","targetHints":{"allow":["GET"]}}],"collection":[{"href":"https:\/\/lapintoramica.com\/es\/wp-json\/wp\/v2\/product"}],"about":[{"href":"https:\/\/lapintoramica.com\/es\/wp-json\/wp\/v2\/types\/product"}],"replies":[{"embeddable":true,"href":"https:\/\/lapintoramica.com\/es\/wp-json\/wp\/v2\/comments?post=18639"}],"version-history":[{"count":3,"href":"https:\/\/lapintoramica.com\/es\/wp-json\/wp\/v2\/product\/18639\/revisions"}],"predecessor-version":[{"id":18927,"href":"https:\/\/lapintoramica.com\/es\/wp-json\/wp\/v2\/product\/18639\/revisions\/18927"}],"wp:featuredmedia":[{"embeddable":true,"href":"https:\/\/lapintoramica.com\/es\/wp-json\/wp\/v2\/media\/18657"}],"wp:attachment":[{"href":"https:\/\/lapintoramica.com\/es\/wp-json\/wp\/v2\/media?parent=18639"}],"wp:term":[{"taxonomy":"product_brand","embeddable":true,"href":"https:\/\/lapintoramica.com\/es\/wp-json\/wp\/v2\/product_brand?post=18639"},{"taxonomy":"product_cat","embeddable":true,"href":"https:\/\/lapintoramica.com\/es\/wp-json\/wp\/v2\/product_cat?post=18639"},{"taxonomy":"product_tag","embeddable":true,"href":"https:\/\/lapintoramica.com\/es\/wp-json\/wp\/v2\/product_tag?post=18639"}],"curies":[{"name":"wp","href":"https:\/\/api.w.org\/{rel}","templated":true}]}}