{"id":10755,"date":"2024-03-15T16:13:54","date_gmt":"2024-03-15T16:13:54","guid":{"rendered":"https:\/\/lapintoramica.com\/?post_type=product&#038;p=10755"},"modified":"2026-03-05T10:55:52","modified_gmt":"2026-03-05T09:55:52","slug":"targetaregal","status":"publish","type":"product","link":"https:\/\/lapintoramica.com\/es\/producto-2\/targetaregal\/","title":{"rendered":"TARJETA REGALO"},"content":{"rendered":"","protected":false},"excerpt":{"rendered":"<p><span style=\"font-weight: 400;\">\u00a1Un regalo muy original! Con nuestra tarjeta regalo, tendr\u00e1s la opci\u00f3n de cambiarla por experiencias creativas \u00fanicas en La pintor\u00e1mica o productos disponibles tanto en nuestra tienda f\u00edsica como online. Puedes adquirirla de forma r\u00e1pida y c\u00f3moda online para recibir una tarjeta virtual, o comprarla directamente en nuestra tienda f\u00edsica. Adem\u00e1s, te ofrecemos la flexibilidad de elegir entre tarjetas de distintos importes. Si quieres comprar m\u00e1s de una tarjeta regalo, puedes a\u00f1adirlas individualmente tantas como quieras.<\/span><\/p>","protected":false},"featured_media":23244,"comment_status":"open","ping_status":"closed","template":"","meta":{"_eb_attr":""},"product_brand":[],"product_cat":[20],"product_tag":[],"class_list":{"0":"post-10755","1":"product","2":"type-product","3":"status-publish","4":"has-post-thumbnail","6":"product_cat-targetes-regal","8":"first","9":"instock","10":"purchasable","11":"product-type-pw-gift-card"},"_links":{"self":[{"href":"https:\/\/lapintoramica.com\/es\/wp-json\/wp\/v2\/product\/10755","targetHints":{"allow":["GET"]}}],"collection":[{"href":"https:\/\/lapintoramica.com\/es\/wp-json\/wp\/v2\/product"}],"about":[{"href":"https:\/\/lapintoramica.com\/es\/wp-json\/wp\/v2\/types\/product"}],"replies":[{"embeddable":true,"href":"https:\/\/lapintoramica.com\/es\/wp-json\/wp\/v2\/comments?post=10755"}],"version-history":[{"count":3,"href":"https:\/\/lapintoramica.com\/es\/wp-json\/wp\/v2\/product\/10755\/revisions"}],"predecessor-version":[{"id":29181,"href":"https:\/\/lapintoramica.com\/es\/wp-json\/wp\/v2\/product\/10755\/revisions\/29181"}],"wp:featuredmedia":[{"embeddable":true,"href":"https:\/\/lapintoramica.com\/es\/wp-json\/wp\/v2\/media\/23244"}],"wp:attachment":[{"href":"https:\/\/lapintoramica.com\/es\/wp-json\/wp\/v2\/media?parent=10755"}],"wp:term":[{"taxonomy":"product_brand","embeddable":true,"href":"https:\/\/lapintoramica.com\/es\/wp-json\/wp\/v2\/product_brand?post=10755"},{"taxonomy":"product_cat","embeddable":true,"href":"https:\/\/lapintoramica.com\/es\/wp-json\/wp\/v2\/product_cat?post=10755"},{"taxonomy":"product_tag","embeddable":true,"href":"https:\/\/lapintoramica.com\/es\/wp-json\/wp\/v2\/product_tag?post=10755"}],"curies":[{"name":"wp","href":"https:\/\/api.w.org\/{rel}","templated":true}]}}