{"id":28308,"date":"2025-11-19T08:25:56","date_gmt":"2025-11-19T07:25:56","guid":{"rendered":"https:\/\/lapintoramica.com\/?page_id=28308"},"modified":"2025-11-19T08:33:08","modified_gmt":"2025-11-19T07:33:08","slug":"sobre-nosotros","status":"publish","type":"page","link":"https:\/\/lapintoramica.com\/es\/sobre-nosotros\/","title":{"rendered":"SOBRE NOSOTROS"},"content":{"rendered":"<div data-elementor-type=\"wp-page\" data-elementor-id=\"28308\" class=\"elementor elementor-28308\" data-elementor-post-type=\"page\">\n\t\t\t\t<div class=\"elementor-element elementor-element-4312c19 e-flex e-con-boxed e-con e-parent\" data-id=\"4312c19\" data-element_type=\"container\" data-e-type=\"container\">\n\t\t\t\t\t<div class=\"e-con-inner\">\n\t\t\t\t<div class=\"elementor-element elementor-element-624a039 elementor-widget elementor-widget-html\" data-id=\"624a039\" data-element_type=\"widget\" data-e-type=\"widget\" data-widget_type=\"html.default\">\n\t\t\t\t<div class=\"elementor-widget-container\">\n\t\t\t\t\t<!-- BLOQUE: Sobre Nosaltres - La Pintor\u00e0mica -->\n<style>\n  :root{\n    --accent: #D97C4E;\n    --accent-2: #F4EDE7;\n    --text: #333333;\n    --muted: #7a776f;\n    --bg: #FAF8F6;\n    --maxw: 900px;\n    --radius: 8px;\n  }\n\n  .lp-about {\n    background: var(--bg);\n    color: var(--text);\n    font-family: system-ui, -apple-system, \"Segoe UI\", Roboto, \"Helvetica Neue\", Arial;\n    padding: 64px 20px;\n  }\n\n  .lp-container {\n    max-width: var(--maxw);\n    margin: 0 auto;\n  }\n\n  .lp-about h1 {\n    color: var(--accent);\n    font-size: 2.4rem;\n    margin: 0 0 24px;\n  }\n\n  .lp-about p {\n    font-size: 1.1rem;\n    line-height: 1.65;\n    margin: 0 0 18px;\n    color: var(--muted);\n  }\n\n  .about-card {\n    background: #fff;\n    padding: 26px 30px;\n    border-radius: var(--radius);\n    box-shadow: 0 6px 16px rgba(0,0,0,0.04);\n    margin-bottom: 22px;\n  }\n\n  .about-card h2 {\n    margin: 0 0 10px;\n    font-size: 1.5rem;\n    color: var(--accent);\n  }\n\n  .about-highlight {\n    background: linear-gradient(180deg, #fff, #fbfaf9);\n    padding: 26px;\n    border-radius: var(--radius);\n    box-shadow: 0 8px 22px rgba(0,0,0,0.05);\n    margin-top: 36px;\n  }\n\n  .about-highlight strong {\n    color: var(--accent);\n  }\n\n  @media(max-width: 700px){\n    .lp-about h1 { font-size: 2rem; }\n    .about-card h2 { font-size: 1.35rem; }\n  }\n<\/style>\n\n<section class=\"lp-about\" aria-labelledby=\"about-title\">\n  <div class=\"lp-container\">\n\n    <h1 id=\"about-title\">Sobre nosotros<\/h1>\n\n    <!-- INTRO -->\n    <div class=\"about-card\">\n      <h2>Una experiencia creativa en el coraz\u00f3n de Barcelona<\/h2>\n      <p>\n        En <strong>La Pintor\u00e1mica<\/strong> nos especializamos en \n        <strong>decoraci\u00f3n cer\u00e1mica<\/strong>, ofreciendo talleres accesibles e inspiradores en nuestros dos espacios de Barcelona: \n        <strong>Gr\u00e0cia<\/strong> y <strong>El Borne<\/strong>.\n      <\/p>\n      <p>\n        Creemos en el poder de la creatividad como forma de pausa, expresi\u00f3n y bienestar. Por eso, hemos creado talleres pensados para que cualquier persona -con o sin experiencia previa- pueda disfrutar de un momento de desconexi\u00f3n mientras personaliza su pieza de cer\u00e1mica.\n      <\/p>\n    <\/div>\n\n    <!-- QUE FEM -->\n    <div class=\"about-card\">\n      <h2>Nos centramos en la decoraci\u00f3n cer\u00e1mica<\/h2>\n      <p>\n        Nuestro enfoque principal es la <strong>pintura y personalizaci\u00f3n de cer\u00e1mica<\/strong>. En cada sesi\u00f3n, los participantes eligen una pieza (taza, cuenco, plato\u2026) y exploran t\u00e9cnicas decorativas con el acompa\u00f1amiento de nuestro equipo.\n      <\/p>\n      <p>\n        Nos encargamos de todo el proceso final: <strong>esmaltado<\/strong>, \n        <strong>cocci\u00f3n al horno<\/strong> y preparaci\u00f3n para que la prenda quede resistente, segura y lista para ser recogida.\n      <\/p>\n    <\/div>\n\n    <!-- ESPAI I METODE -->\n    <div class=\"about-card\">\n      <h2>Un espacio tranquilo, acogedor e inspirador<\/h2>\n      <p>\n        Nuestros talleres est\u00e1n dise\u00f1ados para que los participantes se sientan c\u00f3modos desde el primer momento. Materiales preparados, luz natural, un ambiente relajado y un equipo atento que acompa\u00f1a sin prisa: \u00e9sta es nuestra forma de entender la creatividad.\n      <\/p>\n      <p>\n        Tanto si vienes solo, con amigos, en familia o con compa\u00f1eros de trabajo, encontrar\u00e1s un espacio en el que crear a tu ritmo.\n      <\/p>\n    <\/div>\n\n    <!-- GRUPS -->\n    <div class=\"about-card\">\n      <h2>Talleres para grupos y empresas<\/h2>\n      <p>\n        Adem\u00e1s de las sesiones individuales, ofrecemos actividades para \n        <strong>team buildings<\/strong>, <strong>grupos privados<\/strong>, \n        <strong>celebraciones<\/strong> y eventos a medida.\n      <\/p>\n      <p>\n        Adaptamos cada experiencia seg\u00fan las necesidades del grupo para que todo el mundo pueda disfrutar de un momento creativo diferente en nuestro taller de Gr\u00e0cia o en el de El Born.\n      <\/p>\n    <\/div>\n\n    <!-- CLOSING -->\n    <div class=\"about-highlight\">\n      <p>\n        En La Pintor\u00e1mica entendemos la cer\u00e1mica como una experiencia completa: un espacio para crear, relajarse y llevarse un objeto \u00fanico hecho con tus manos.\n      <\/p>\n      <p><strong>\u00a1Os esperamos en Gr\u00e0cia y El Born!<\/strong><\/p>\n    <\/div>\n\n  <\/div>\n<\/section>\n<!-- FI BLOQUE -->\t\t\t\t<\/div>\n\t\t\t\t<\/div>\n\t\t\t\t\t<\/div>\n\t\t\t\t<\/div>\n\t\t\t\t<\/div>","protected":false},"excerpt":{"rendered":"<p>Sobre nosotros Una experiencia creativa en el coraz\u00f3n de Barcelona En La Pintor\u00e1mica nos especializamos en decoraci\u00f3n cer\u00e1mica, ofreciendo talleres accesibles<\/p>","protected":false},"author":26,"featured_media":0,"parent":0,"menu_order":0,"comment_status":"closed","ping_status":"closed","template":"","meta":{"_eb_attr":"","footnotes":""},"class_list":["post-28308","page","type-page","status-publish","hentry"],"_links":{"self":[{"href":"https:\/\/lapintoramica.com\/es\/wp-json\/wp\/v2\/pages\/28308","targetHints":{"allow":["GET"]}}],"collection":[{"href":"https:\/\/lapintoramica.com\/es\/wp-json\/wp\/v2\/pages"}],"about":[{"href":"https:\/\/lapintoramica.com\/es\/wp-json\/wp\/v2\/types\/page"}],"author":[{"embeddable":true,"href":"https:\/\/lapintoramica.com\/es\/wp-json\/wp\/v2\/users\/26"}],"replies":[{"embeddable":true,"href":"https:\/\/lapintoramica.com\/es\/wp-json\/wp\/v2\/comments?post=28308"}],"version-history":[{"count":4,"href":"https:\/\/lapintoramica.com\/es\/wp-json\/wp\/v2\/pages\/28308\/revisions"}],"predecessor-version":[{"id":28312,"href":"https:\/\/lapintoramica.com\/es\/wp-json\/wp\/v2\/pages\/28308\/revisions\/28312"}],"wp:attachment":[{"href":"https:\/\/lapintoramica.com\/es\/wp-json\/wp\/v2\/media?parent=28308"}],"curies":[{"name":"wp","href":"https:\/\/api.w.org\/{rel}","templated":true}]}}