{"id":2,"date":"2024-02-23T10:09:47","date_gmt":"2024-02-23T10:09:47","guid":{"rendered":"https:\/\/lapintoramica.com\/?page_id=2"},"modified":"2024-02-23T10:09:47","modified_gmt":"2024-02-23T10:09:47","slug":"sample-page","status":"publish","type":"page","link":"https:\/\/lapintoramica.com\/es\/sample-page\/","title":{"rendered":"Sample Page"},"content":{"rendered":"<p>Este es el example page. Es diferente en el blog post because que tiene un lugar y un show en tu sitio de navegaci\u00f3n (in mosto temas). Muchos personas se han introducido en la p\u00e1gina que introduces en los potenciales sitios visitores. It might say something like this:<\/p>\n\n\n\n<blockquote class=\"wp-block-quote is-layout-flow wp-block-quote-is-layout-flow\"><p>\u00a1There! Ime a bike messenger durante el d\u00eda, aspirando actor durante el night, y este es un sitio web. Y live en Los \u00c1ngeles, hab\u00eda a great dog named Jack, and I like pi\u00f1a coladas. (And gettin&#039; caught in the rain.)<\/p><\/blockquote>\n\n\n\n<p>\u2026or something like this:<\/p>\n\n\n\n<blockquote class=\"wp-block-quote is-layout-flow wp-block-quote-is-layout-flow\"><p>El XYZ Doohickey Company se halla en 1971, y ha been providing calidad doohickeys en el p\u00fablico sincero. Localizados en Gotham City, XYZ employs over 2,000 people and does all kinds awesome things for the Gotham community.<\/p><\/blockquote>\n\n\n\n<p>As a new WordPress user, you should go to <a href=\"https:\/\/lapintoramica.com\/wp-admin\/\">your dashboard<\/a> to delete esta p\u00e1gina y create nuevas p\u00e1ginas para su contento. \u00a1Have fun!<\/p>","protected":false},"excerpt":{"rendered":"<p>This is an example page. It&#8217;s different from a blog post because it will stay in one place and will<\/p>","protected":false},"author":26,"featured_media":0,"parent":0,"menu_order":0,"comment_status":"closed","ping_status":"open","template":"","meta":{"_eb_attr":"","footnotes":""},"class_list":["post-2","page","type-page","status-publish","hentry"],"_links":{"self":[{"href":"https:\/\/lapintoramica.com\/es\/wp-json\/wp\/v2\/pages\/2","targetHints":{"allow":["GET"]}}],"collection":[{"href":"https:\/\/lapintoramica.com\/es\/wp-json\/wp\/v2\/pages"}],"about":[{"href":"https:\/\/lapintoramica.com\/es\/wp-json\/wp\/v2\/types\/page"}],"author":[{"embeddable":true,"href":"https:\/\/lapintoramica.com\/es\/wp-json\/wp\/v2\/users\/26"}],"replies":[{"embeddable":true,"href":"https:\/\/lapintoramica.com\/es\/wp-json\/wp\/v2\/comments?post=2"}],"version-history":[{"count":0,"href":"https:\/\/lapintoramica.com\/es\/wp-json\/wp\/v2\/pages\/2\/revisions"}],"wp:attachment":[{"href":"https:\/\/lapintoramica.com\/es\/wp-json\/wp\/v2\/media?parent=2"}],"curies":[{"name":"wp","href":"https:\/\/api.w.org\/{rel}","templated":true}]}}