{"id":19924,"date":"2025-01-31T18:01:44","date_gmt":"2025-01-31T17:01:44","guid":{"rendered":"https:\/\/lapintoramica.com\/?page_id=19924"},"modified":"2025-01-31T18:01:48","modified_gmt":"2025-01-31T17:01:48","slug":"politica-de-cookies","status":"publish","type":"page","link":"https:\/\/lapintoramica.com\/es\/politica-de-cookies\/","title":{"rendered":"Pol\u00edtica de Cookies"},"content":{"rendered":"<p><\/p>\n\n\n\n<p>1. Introducci\u00f3n<\/p>\n\n\n\n<p>Esta Pol\u00edtica de Cookies explica qu\u00e9 son las cookies, cu\u00e1les utiliza esta web y c\u00f3mo puedes gestionarlas de acuerdo con la normativa espa\u00f1ola via acompa\u00f1antes.<\/p>\n\n\n\n<p>De acuerdo con el art\u00edculo 22.2 de la Ley 34\/2002, de 11 de julio, de servicios de la sociedad de la informaci\u00f3n y comercio electr\u00f3nico (LSSICE), te informamos que esta web utiliza cookies propias y de terceros para mejorar la experiencia de navegaci\u00f3n, personalizar contenidos y analizar el tr\u00e1fico.<\/p>\n\n\n\n<p>2. \u00bfQu\u00e9 son las cookies?<\/p>\n\n\n\n<p>Las cookies son peque\u00f1os archivos de texto que se descargan en el dispositivo del usuario al acceder a una p\u00e1gina web. Permiten, entre otras cosas, almacenar y recuperar informaci\u00f3n sobre los h\u00e1bitos de navegaci\u00f3n de un usuario o dispositivo.<\/p>\n\n\n\n<p>3. Tipo de cookies que utilizamos<\/p>\n\n\n\n<p>Seg\u00fan su finalidad, las cookies que utilizamos se clasifican en:<\/p>\n\n\n\n<p>\u2022 Cookies t\u00e9cnicas o necesarias: Imprescindibles para el correcto funcionamiento de la web. Permiten, por ejemplo, iniciar sesi\u00f3n o gestionar preferencias de privacidad.<\/p>\n\n\n\n<p>\u2022 Cookies de an\u00e1lisis o medici\u00f3n: Nos ayudan a comprender c\u00f3mo interact\u00faan los usuarios con la web, recopilando informaci\u00f3n de forma an\u00f3nima para mejorar la usabilidad.<\/p>\n\n\n\n<p>\u2022 Cookies de personalizaci\u00f3n: Permiten recordar preferencias del usuario (idioma, configuraci\u00f3n de dise\u00f1o, etc.).<\/p>\n\n\n\n<p>\u2022 Cookies publicitarias: Utilizadas para mostrar anuncios personalizados en funci\u00f3n de los intereses del usuario.<\/p>\n\n\n\n<p>\u2022 Cookies de redes sociales y terceros: Integran funcionalidades de servicios externos (como botones de redes sociales o contenido multimedia).<\/p>\n\n\n\n<p>4. Cookies de terceros<\/p>\n\n\n\n<p>Esta web puede utilizar servicios de terceros que recopilan informaci\u00f3n con fines estad\u00edsticos y publicitarios. Entre ellos, se pueden incluir:<\/p>\n\n\n\n<p>\u2022 Google Analytics (an\u00e1lisis del tr\u00e1fico web).<\/p>\n\n\n\n<p>\u2022 Google Ads (publicidad personalizada).<\/p>\n\n\n\n<p>\u2022 Facebook Pixel (seguimiento de anuncios en redes sociales).<\/p>\n\n\n\n<p>Al utilizar esta web, aceptas el tratamiento de informaci\u00f3n por parte de estos terceros.<\/p>\n\n\n\n<p>5. Consentimiento y configuraci\u00f3n de cookies<\/p>\n\n\n\n<p>Cuando accedes por primera vez a nuestra web, aparece un banner de cookies que te ofrece la posibilidad de:<\/p>\n\n\n\n<p>\u2705 Aceptar todas las cookies.<\/p>\n\n\n\n<p>\u2699\ufe0f Configurar las preferencias (seleccionar qu\u00e9 aceptas o rechazas).<\/p>\n\n\n\n<p>\u274c Rechazar todas las cookies no esenciales.<\/p>\n\n\n\n<p>Puedes cambiar sus preferencias en cualquier momento desde la configuraci\u00f3n de cookies de la web.<\/p>\n\n\n\n<p>6. \u00bfC\u00f3mo desactivar las cookies desde su navegador?<\/p>\n\n\n\n<p>Si quieres restringir, bloquear o eliminar las cookies, puedes hacerlo a trav\u00e9s de la configuraci\u00f3n de su navegador. Aqu\u00ed tienes las instrucciones para los principales navegadores:<\/p>\n\n\n\n<p>\u2022 Google Chrome:<a href=\"https:\/\/support.google.com\/chrome\/answer\/95647?hl=es\" target=\"_blank\" rel=\"noopener\">&nbsp;<\/a><a href=\"https:\/\/support.google.com\/chrome\/answer\/95647?hl=es\" target=\"_blank\" rel=\"noopener\"><u>Gestionar cookies en Chrome<\/u><\/a><\/p>\n\n\n\n<p>\u2022 Mozilla Firefox:<a href=\"https:\/\/support.mozilla.org\/es\/kb\/Eliminar%20cookies\" target=\"_blank\" rel=\"noopener\">&nbsp;<\/a><a href=\"https:\/\/support.mozilla.org\/es\/kb\/Eliminar%20cookies\" target=\"_blank\" rel=\"noopener\"><u>Gestionar cookies en Firefox<\/u><\/a><\/p>\n\n\n\n<p>\u2022 Safari:<a href=\"https:\/\/support.apple.com\/es-es\/guide\/safari\/sfri11471\/mac\" target=\"_blank\" rel=\"noopener\">&nbsp;<\/a><a href=\"https:\/\/support.apple.com\/es-es\/guide\/safari\/sfri11471\/mac\" target=\"_blank\" rel=\"noopener\"><u>Gestionar cookies en Safari<\/u><\/a><\/p>\n\n\n\n<p>\u2022 Microsoft Edge:<a href=\"https:\/\/support.microsoft.com\/es-es\/help\/4027947\/microsoft-edge-delete-cookies\" target=\"_blank\" rel=\"noopener\">&nbsp;<\/a><a href=\"https:\/\/support.microsoft.com\/es-es\/help\/4027947\/microsoft-edge-delete-cookies\" target=\"_blank\" rel=\"noopener\"><u>Gestionar cookies en Edge<\/u><\/a><\/p>\n\n\n\n<p>7. Cambios en la Pol\u00edtica de Cookies<\/p>\n\n\n\n<p>Nos reservamos el derecho a modificar esta pol\u00edtica de cookies para adaptarla a novedades legislativas o t\u00e9cnicas. Recomendamos revisarla peri\u00f3dicamente.<\/p>\n\n\n\n<p>Para m\u00e1s informaci\u00f3n sobre el tratamiento de datos personales, puede consultar nuestra Pol\u00edtica de Privacidad.<\/p>\n\n\n\n<p>Si tienes cualquier duda, puedes contactarnos a trav\u00e9s de&nbsp;<a href=\"mailto:hola@lapintoramica.com\"><u>hola@lapintoramica.com<\/u><\/a><\/p>","protected":false},"excerpt":{"rendered":"<p>1. Introducci\u00f3n Esta Pol\u00edtica de Cookies explica qu\u00e9 son las cookies, cu\u00e1les utiliza esta web y c\u00f3mo puedes gestionarlas de acuerdo<\/p>","protected":false},"author":26,"featured_media":0,"parent":0,"menu_order":0,"comment_status":"closed","ping_status":"closed","template":"","meta":{"_eb_attr":"","footnotes":""},"class_list":["post-19924","page","type-page","status-publish","hentry"],"_links":{"self":[{"href":"https:\/\/lapintoramica.com\/es\/wp-json\/wp\/v2\/pages\/19924","targetHints":{"allow":["GET"]}}],"collection":[{"href":"https:\/\/lapintoramica.com\/es\/wp-json\/wp\/v2\/pages"}],"about":[{"href":"https:\/\/lapintoramica.com\/es\/wp-json\/wp\/v2\/types\/page"}],"author":[{"embeddable":true,"href":"https:\/\/lapintoramica.com\/es\/wp-json\/wp\/v2\/users\/26"}],"replies":[{"embeddable":true,"href":"https:\/\/lapintoramica.com\/es\/wp-json\/wp\/v2\/comments?post=19924"}],"version-history":[{"count":1,"href":"https:\/\/lapintoramica.com\/es\/wp-json\/wp\/v2\/pages\/19924\/revisions"}],"predecessor-version":[{"id":19925,"href":"https:\/\/lapintoramica.com\/es\/wp-json\/wp\/v2\/pages\/19924\/revisions\/19925"}],"wp:attachment":[{"href":"https:\/\/lapintoramica.com\/es\/wp-json\/wp\/v2\/media?parent=19924"}],"curies":[{"name":"wp","href":"https:\/\/api.w.org\/{rel}","templated":true}]}}