{"id":10141,"date":"2024-03-01T07:56:01","date_gmt":"2024-03-01T07:56:01","guid":{"rendered":"https:\/\/lapintoramica.com\/?page_id=10141"},"modified":"2024-05-20T08:12:24","modified_gmt":"2024-05-20T08:12:24","slug":"reserva3","status":"publish","type":"page","link":"https:\/\/lapintoramica.com\/es\/reserva3\/","title":{"rendered":"HAZ TU RESERVA"},"content":{"rendered":"<div data-elementor-type=\"wp-page\" data-elementor-id=\"10141\" class=\"elementor elementor-10141\" data-elementor-post-type=\"page\">\n\t\t\t\t<div class=\"elementor-element elementor-element-ee88ca9 e-flex e-con-boxed e-con e-parent\" data-id=\"ee88ca9\" data-element_type=\"container\" data-e-type=\"container\">\n\t\t\t\t\t<div class=\"e-con-inner\">\n\t\t\t\t<div class=\"elementor-element elementor-element-17105be elementor-widget elementor-widget-wd_text_block\" data-id=\"17105be\" data-element_type=\"widget\" data-e-type=\"widget\" data-widget_type=\"wd_text_block.default\">\n\t\t\t\t<div class=\"elementor-widget-container\">\n\t\t\t\t\t\t\t<div class=\"wd-text-block reset-last-child text-left\">\n\t\t\t\n\t\t\t<p><span style=\"font-weight: 400;\">\u2014 Estamos contentos de recibirte...<\/span><\/p><p><span style=\"font-weight: 400;\">Nos ilusiona que nos hagas una visita a La Pintor\u00e1mica; en nuestro taller podr\u00e1s gozar de tu creatividad en un ambiente acogedor. Ofrecemos una amplia variedad de prendas, colores y herramientas para que las utilices sin l\u00edmite.<\/span><\/p><p><span style=\"font-weight: 400;\">Para que tu visita sea especial, ten en cuenta lo siguiente:<\/span><\/p><p><span style=\"font-weight: 400;\">La duraci\u00f3n de tu reserva es de 2 horas. Este per\u00edodo es suficiente para que podamos explicarte c\u00f3mo funcionamos, puedas seleccionar tu pieza, pintarla y organizar tu mesa antes de irte.<\/span><\/p><p><span style=\"font-weight: 400;\">En tu mesa encontrar\u00e1s una direcci\u00f3n de correo electr\u00f3nico para que al final env\u00edes la foto de tu pieza pintada con tus datos de contacto. Esto es importante para poder venir a recogerla cuando est\u00e9 lista.<\/span><\/p><p><span style=\"font-weight: 400;\">Disponemos de muchas piezas para que puedas elegir la que m\u00e1s te guste, y la mayor\u00eda oscila entre 15\u20ac y 25\u20ac.<\/span><\/p><p><span style=\"font-weight: 400;\">Tu obra pintada permanecer\u00e1 en La Pintor\u00e1mica unos d\u00edas para ser esmaltada y cocerla. Al entregar la pieza, te informaremos de cu\u00e1ndo podr\u00e1s venir a recogerla. No olvides tomar una foto de tu creaci\u00f3n antes de salir del taller y enviarla a nuestro correo electr\u00f3nico!!!<\/span><\/p><p><span style=\"font-weight: 400;\">Cuando vengas a recoger la prenda, aseg\u00farate de tener contigo la foto de la misma.<\/span><\/p><p><span style=\"font-weight: 400;\">\u00bfSalen m\u00e1s preguntas? Consulta nuestras Preguntas Frecuentes (FAQs) en nuestra p\u00e1gina aqu\u00ed.<\/span><\/p><p><span style=\"font-weight: 400;\">\u2014 Reserva tu sitio<\/span><\/p><p><span style=\"font-weight: 400;\">Escoge la fecha y hora que m\u00e1s te convenga para tu taller de pintura de cer\u00e1mica. Es una reserva sin cargo, pero te rogamos que si finalmente no puedes venir, nos lo hagas saber con d\u00edas de antelaci\u00f3n. El pago de tu pieza se realizar\u00e1 en nuestro taller una vez hayas elegido la pieza para pintar.<\/span><\/p>\n\t\t\t\t\t<\/div>\n\t\t\t\t\t\t<\/div>\n\t\t\t\t<\/div>\n\t\t\t\t\t<\/div>\n\t\t\t\t<\/div>\n\t\t<div class=\"elementor-element elementor-element-164f3bd e-flex e-con-boxed e-con e-parent\" data-id=\"164f3bd\" data-element_type=\"container\" data-e-type=\"container\">\n\t\t\t\t\t<div class=\"e-con-inner\">\n\t\t<div class=\"elementor-element elementor-element-1776782 e-con-full e-flex e-con e-child\" data-id=\"1776782\" data-element_type=\"container\" data-e-type=\"container\">\n\t\t\t\t<div class=\"elementor-element elementor-element-8809cc3 elementor-widget elementor-widget-image\" data-id=\"8809cc3\" data-element_type=\"widget\" data-e-type=\"widget\" data-widget_type=\"image.default\">\n\t\t\t\t<div class=\"elementor-widget-container\">\n\t\t\t\t\t\t\t\t\t\t\t\t\t\t\t<img fetchpriority=\"high\" decoding=\"async\" width=\"500\" height=\"500\" src=\"https:\/\/lapintoramica.com\/wp-content\/uploads\/2024\/03\/Image-reserva.jpg\" class=\"attachment-large size-large wp-image-10143\" alt=\"\" srcset=\"https:\/\/lapintoramica.com\/wp-content\/uploads\/2024\/03\/Image-reserva.jpg 500w, https:\/\/lapintoramica.com\/wp-content\/uploads\/2024\/03\/Image-reserva-430x430.jpg 430w, https:\/\/lapintoramica.com\/wp-content\/uploads\/2024\/03\/Image-reserva-150x150.jpg 150w, https:\/\/lapintoramica.com\/wp-content\/uploads\/2024\/03\/Image-reserva-300x300.jpg 300w\" sizes=\"(max-width: 500px) 100vw, 500px\" \/>\t\t\t\t\t\t\t\t\t\t\t\t\t\t\t<\/div>\n\t\t\t\t<\/div>\n\t\t\t\t<\/div>\n\t\t<div class=\"elementor-element elementor-element-0eb5d81 e-con-full e-flex e-con e-child\" data-id=\"0eb5d81\" data-element_type=\"container\" data-e-type=\"container\">\n\t\t\t\t<div class=\"elementor-element elementor-element-eb12b77 elementor-widget elementor-widget-video\" data-id=\"eb12b77\" data-element_type=\"widget\" data-e-type=\"widget\" data-settings=\"{&quot;video_type&quot;:&quot;hosted&quot;,&quot;autoplay&quot;:&quot;yes&quot;,&quot;play_on_mobile&quot;:&quot;yes&quot;,&quot;loop&quot;:&quot;yes&quot;,&quot;controls&quot;:&quot;yes&quot;}\" data-widget_type=\"video.default\">\n\t\t\t\t<div class=\"elementor-widget-container\">\n\t\t\t\t\t\t\t<div class=\"e-hosted-video elementor-wrapper elementor-open-inline\">\n\t\t\t\t\t<video class=\"elementor-video\" src=\"https:\/\/lapintoramica.com\/wp-content\/uploads\/2024\/03\/Video.mp4\" autoplay=\"\" loop=\"\" controls=\"\" playsinline=\"\" controlslist=\"nodownload\"><\/video>\n\t\t\t\t<\/div>\n\t\t\t\t\t\t<\/div>\n\t\t\t\t<\/div>\n\t\t\t\t<\/div>\n\t\t<div class=\"elementor-element elementor-element-3309e05 e-con-full e-flex e-con e-child\" data-id=\"3309e05\" data-element_type=\"container\" data-e-type=\"container\">\n\t\t\t\t<div class=\"elementor-element elementor-element-0aa63b4 elementor-widget elementor-widget-image\" data-id=\"0aa63b4\" data-element_type=\"widget\" data-e-type=\"widget\" data-widget_type=\"image.default\">\n\t\t\t\t<div class=\"elementor-widget-container\">\n\t\t\t\t\t\t\t\t\t\t\t\t\t\t\t<img decoding=\"async\" width=\"940\" height=\"788\" src=\"https:\/\/lapintoramica.com\/wp-content\/uploads\/2024\/03\/Pintar-ceramica-11.png\" class=\"attachment-large size-large wp-image-10144\" alt=\"\" srcset=\"https:\/\/lapintoramica.com\/wp-content\/uploads\/2024\/03\/Pintar-ceramica-11.png 940w, https:\/\/lapintoramica.com\/wp-content\/uploads\/2024\/03\/Pintar-ceramica-11-430x360.png 430w, https:\/\/lapintoramica.com\/wp-content\/uploads\/2024\/03\/Pintar-ceramica-11-150x126.png 150w, https:\/\/lapintoramica.com\/wp-content\/uploads\/2024\/03\/Pintar-ceramica-11-700x587.png 700w, https:\/\/lapintoramica.com\/wp-content\/uploads\/2024\/03\/Pintar-ceramica-11-358x300.png 358w, https:\/\/lapintoramica.com\/wp-content\/uploads\/2024\/03\/Pintar-ceramica-11-768x644.png 768w, https:\/\/lapintoramica.com\/wp-content\/uploads\/2024\/03\/Pintar-ceramica-11-860x721.png 860w\" sizes=\"(max-width: 940px) 100vw, 940px\" \/>\t\t\t\t\t\t\t\t\t\t\t\t\t\t\t<\/div>\n\t\t\t\t<\/div>\n\t\t\t\t<\/div>\n\t\t\t\t\t<\/div>\n\t\t\t\t<\/div>\n\t\t\t\t<\/div>","protected":false},"excerpt":{"rendered":"<p>\u2014 Estem contents de rebre&#8217;t&#8230; Ens il\u00b7lusiona que ens facis una visita a La Pintor\u00e0mica; al nostre taller podr\u00e0s gaudir<\/p>","protected":false},"author":26,"featured_media":0,"parent":0,"menu_order":0,"comment_status":"closed","ping_status":"closed","template":"","meta":{"_eb_attr":"","footnotes":""},"class_list":["post-10141","page","type-page","status-publish","hentry"],"_links":{"self":[{"href":"https:\/\/lapintoramica.com\/es\/wp-json\/wp\/v2\/pages\/10141","targetHints":{"allow":["GET"]}}],"collection":[{"href":"https:\/\/lapintoramica.com\/es\/wp-json\/wp\/v2\/pages"}],"about":[{"href":"https:\/\/lapintoramica.com\/es\/wp-json\/wp\/v2\/types\/page"}],"author":[{"embeddable":true,"href":"https:\/\/lapintoramica.com\/es\/wp-json\/wp\/v2\/users\/26"}],"replies":[{"embeddable":true,"href":"https:\/\/lapintoramica.com\/es\/wp-json\/wp\/v2\/comments?post=10141"}],"version-history":[{"count":1,"href":"https:\/\/lapintoramica.com\/es\/wp-json\/wp\/v2\/pages\/10141\/revisions"}],"predecessor-version":[{"id":11797,"href":"https:\/\/lapintoramica.com\/es\/wp-json\/wp\/v2\/pages\/10141\/revisions\/11797"}],"wp:attachment":[{"href":"https:\/\/lapintoramica.com\/es\/wp-json\/wp\/v2\/media?parent=10141"}],"curies":[{"name":"wp","href":"https:\/\/api.w.org\/{rel}","templated":true}]}}