{"id":28031,"date":"2025-11-14T15:39:38","date_gmt":"2025-11-14T14:39:38","guid":{"rendered":"https:\/\/lapintoramica.com\/?page_id=28031"},"modified":"2025-11-14T15:51:02","modified_gmt":"2025-11-14T14:51:02","slug":"get-a-quote","status":"publish","type":"page","link":"https:\/\/lapintoramica.com\/en\/get-a-quote\/","title":{"rendered":"Get a quote"},"content":{"rendered":"\t\t<div data-elementor-type=\"wp-page\" data-elementor-id=\"28031\" class=\"elementor elementor-28031\" data-elementor-post-type=\"page\">\n\t\t\t\t<div class=\"elementor-element elementor-element-5c75780 e-flex e-con-boxed e-con e-parent\" data-id=\"5c75780\" data-element_type=\"container\" data-e-type=\"container\">\n\t\t\t\t\t<div class=\"e-con-inner\">\n\t\t\t\t<div class=\"elementor-element elementor-element-e211b65 elementor-widget elementor-widget-shortcode\" data-id=\"e211b65\" data-element_type=\"widget\" data-e-type=\"widget\" data-widget_type=\"shortcode.default\">\n\t\t\t\t<div class=\"elementor-widget-container\">\n\t\t\t\t\t\t\t<div class=\"elementor-shortcode\"><div id=\"lfb_bootstraped\" class=\"lfb_bootstraped notranslate\"><div id=\"lfb_form\" data-usevisual=\"1\" data-progressbar=\"0\" data-qttype=\"0\" data-imgtitlesstyle=\"\" data-emaillaststep=\"0\"       data-formtitle=\"lapintoramica\" data-formsession=\"69f35b58b34de\" data-autoclick=\"1\"  data-subs=\"\" data-form=\"8\" class=\"lfb_bootstraped  \" data-stylefields=\"glassmorphic\" data-animspeed=\"0.3\" data-sumstepsclick=\"0\" data-sumhidesteps=\"0\">\r\n                <div id=\"lfb_loader\"><div class=\"lfb_spinner\"><div class=\"double-bounce1\"><\/div><div class=\"double-bounce2\"><\/div><\/div><\/div><div id=\"lfb_passModal\" class=\"modal\" data-backdrop=\"\"><div class=\"modal-dialog\"><div class=\"modal-content\"><div class=\"modal-header\"><span class=\"fas fa-lock\"><\/span><span>Forgot your password ?<\/span><a href=\"javascript:\" class=\"close\" data-bs-dismiss=\"modal\" aria-label=\"Close\"><span class=\"fas fa-times\"><\/span><\/a><\/div> <div class=\"modal-body p-0\">An email has been sent to your email address<\/div><div class=\"modal-footer\"><a href=\"javascript:\"  data-bs-dismiss=\"modal\" class=\"btn btn-primary btn-circle\"><span class=\"fas fa-check\"><\/span><\/a><\/div><\/div><\/div><\/div><div id=\"lfb_stripeModal\" class=\"modal\" data-backdrop=\"\"><div class=\"modal-dialog\"><div class=\"modal-content\"><div class=\"modal-header\"><div><span class=\"fab fa-cc-stripe\"><\/span><span>Make a payment<\/span><\/div><a href=\"javascript:\" class=\"close\" data-bs-dismiss=\"modal\" aria-label=\"Close\"><span class=\"fas fa-times\"><\/span><\/a><\/div> <div class=\"modal-body p-0\"><div data-panel=\"form\" class=\"p-2\"><div class=\"lfb_amountTextContainer\" class=\"p-2 mb-3 \"><div class=\"m-0 lfb_amountText text-center pb-2\">Total to pay :<br\/> <strong data-info=\"amount\">$5<\/strong><\/div><\/div><form method=\"post\" id=\"lfb_stripePaymentForm\" class=\"pl-4 pr-4 pt-3\" ><div class=\"row\"><div class=\"form-group col-md-6\"><div id=\"lfb_stripe_card-element\" class=\"form-control\"><\/div><\/div><div class=\"form-group col-md-3\"><div id=\"lfb_stripe_expiration-element\" class=\"form-control\"><\/div><\/div><div class=\"form-group col-md-3\"><div id=\"lfb_stripe_cvc-element\" class=\"form-control\"><\/div><\/div><div id=\"lfb_stripe_card-error\" class=\" col-md-12\"><\/div><div class=\"form-group col-md-12\"><input placeholder=\"Card owner name\" name=\"ownerName\" class=\"form-control\" type=\"text\"\/><\/div><\/div><\/form><div class=\"text-center lfb_stripeLogoContainer\"><img decoding=\"async\" class=\"lfb_stripeLogo\" src=\"https:\/\/lapintoramica.com\/wp-content\/plugins\/WP_Estimation_Form\/assets\/img\/powered_by_stripe@2x.png\" alt=\"Powered by Stripe\" \/><\/div><\/div><div data-panel=\"loading\"><div class=\" text-center\"><span class=\"fas fa-hourglass-half big\"><\/span><\/div><\/div><div data-panel=\"fail\"><div class=\"text-center\"><p><span class=\"fas fa-times big\"><\/span><\/p><div>Payment could not be made<\/div><div data-info=\"error\" class=\"text-center\"><\/div><\/div><\/div><\/div><div class=\"modal-footer\"><a href=\"javascript:\" data-action=\"pay\"  class=\"btn btn-primary\"><span class=\"fas fa-check\"><\/span>Pay now<\/a><\/div><\/div><\/div><\/div><div id=\"lfb_verificationModal\" class=\"modal\" data-backdrop=\"\"><div class=\"modal-dialog\"><div class=\"modal-content\"><div class=\"modal-body\"><div class=\"form-group\"><label>Fill the code you received by email<\/label><div class=\"lfb_verification-code-inputs\"><input type=\"text\" class=\"form-control lfb_verification-char\" maxlength=\"1\" name=\"verificationCode[]\" \/><input type=\"text\" class=\"form-control lfb_verification-char\" maxlength=\"1\" name=\"verificationCode[]\" \/><input type=\"text\" class=\"form-control lfb_verification-char\" maxlength=\"1\" name=\"verificationCode[]\" \/><input type=\"text\" class=\"form-control lfb_verification-char\" maxlength=\"1\" name=\"verificationCode[]\" \/><input type=\"text\" class=\"form-control lfb_verification-char\" maxlength=\"1\" name=\"verificationCode[]\" \/><input type=\"text\" class=\"form-control lfb_verification-char\" maxlength=\"1\" name=\"verificationCode[]\" \/><\/div><\/div><\/div><\/div><\/div><\/div><a id=\"lfb_close_btn\" href=\"javascript:\"><span class=\"fas fa-times\"><\/span><\/a>\r\n                <div id=\"lfb_panel\">\r\n                <div class=\"container-fluid\">\r\n                    <div class=\"row\">\r\n                        <div class=\"\" ><p class=\"lfb_startBtnContainer lfb-hidden\">\r\n                                <a href=\"javascript:\"  class=\"btn btn-large btn-primary\" id=\"lfb_btnStart\"><span class=\"fa fa-check\"><\/span>GET STARTED<\/a>\r\n                            <\/p> <div id=\"genPrice\" class=\"genPrice \">\r\n                                <div class=\"progress\">\r\n                                    <div class=\"progress-bar\">\r\n                                        <div class=\"progress-bar-price \">\r\n                                            <span>0$<\/span>\r\n                                            \r\n                                        <\/div>\r\n                                    <\/div>\r\n\r\n                                <\/div>\r\n                            <\/div>\r\n                            <!-- \/genPrice --><h2 id=\"finalText\" class=\"lfb_stepTitle\">\u00a1Gracias, nos pondremos en contacto con usted pronto!<\/h2>\r\n                        <\/div>\r\n                        <!-- \/col -->\r\n                    <\/div>\r\n                    <!-- \/row -->\r\n                <div id=\"lfb_mainPanel\" class=\"palette-clouds\" data-savecart=\"0\"> <input type=\"hidden\" name=\"action\" value=\"lfb_upload_form\"\/>\r\n                <input type=\"hidden\" id=\"lfb_formSession\" name=\"formSession\" value=\"69f35b58b34de\"\/><div class=\"lfb_genSlide\" data-start=\"1\"    data-showstepsum=\"1\" data-stepid=\"58\" data-title=\"Elige el taller que quieras hacer.\"  data-dependitem=\"0\">\t<h2 class=\"lfb_stepTitle\">Elige el taller que quieras hacer.<\/h2>\t<p class=\"lfb_stepDescription\">Todos los talleres duran 100 minutos.<\/p>\t<div class=\"lfb_genContent container \" >\t\t<div class=\"row lfb_row  lfb_sortable\"><div class=\"lfb_itemBloc col-md-12  lfb_item lfb_itemContainer_270   lfb_row row\"     data-id=\"270\" data-columns=\"[{&quot;id&quot;:&quot;69173a74241d3&quot;,&quot;size&quot;:&quot;1\\\/6&quot;},{&quot;id&quot;:&quot;69173a74241d4&quot;,&quot;size&quot;:&quot;1\\\/6&quot;},{&quot;id&quot;:&quot;69173a74241d5&quot;,&quot;size&quot;:&quot;1\\\/6&quot;}]\" data-itemtype=\"row\"><div class=\"lfb_column lfb_sortable col-md-2\" data-columnid=\"69173a74241d3\"><div class=\"lfb_itemBloc  lfb_item lfb_itemContainer_271   lfb_picRow\" data-id=\"271\"   data-itemtype=\"picture\"><div data-imagetype=\"\" data-urlvariable=\"1\" data-sentattribute=\"\" data-variablename=\"\" data-shadowfx=\"0\" data-html=\"true\"  class=\"lfb_selectable  \"                   data-showinsummary=\"true\" data-woovar=\"0\" data-eddvar=\"0\" data-reduc=\"0\" data-reducqt=\"\"  data-operation=\"+\" data-itemid=\"271\"    data-prodid=\"0\" data-title=\"Taller de pintar cer\u00e1mica 15\u20ac  (Piezas peque\u00f1as)\" data-toggle=\"tooltip\" title=\"Taller de pintar cer\u00e1mica 15\u20ac  (Piezas peque\u00f1as)\" data-originaltitle=\"Taller de pintar cer\u00e1mica 15\u20ac  (Piezas peque\u00f1as)\" data-originallabel=\"Taller de pintar cer\u00e1mica 15\u20ac  (Piezas peque\u00f1as)\" data-bs-placement=\"bottom\" data-price=\"15\" data-addtototal=\"0\" data-iconstyle=\"zoom\" data-flipfx=\"1\" data-quantityenabled=\"1\" data-defaultqt=\"0\"  ><img decoding=\"async\" data-no-lazy=\"1\" data-tint=\"false\" src=\"https:\/\/lapintoramica.com\/wp-content\/uploads\/2025\/11\/Taller-de-pintar-ceramica-15E-1.png\" alt=\"\" class=\"lfb_selectableImg img .png\" \/><span class=\"fas fa-check lfb_fxZoom icon_select\"><\/span><div class=\"quantityBtns\" data-qtdefault=\"0\" data-max=\"0\" data-min=\"0\">\r\n                                                <a href=\"javascript:\" data-btn=\"less\">-<\/a>\r\n                                                <a href=\"javascript:\" data-btn=\"more\">+<\/a>\r\n                                                <\/div><span class=\"palette-turquoise icon_quantity\">1<\/span><\/div><p class=\"lfb_itemDes \">Taller de pintar cer\u00e1mica 15\u20ac  (Piezas peque\u00f1as)<\/p><\/div><\/div><div class=\"lfb_column lfb_sortable col-md-2\" data-columnid=\"69173a74241d4\"><div class=\"lfb_itemBloc  lfb_item lfb_itemContainer_272   lfb_picRow\" data-id=\"272\"   data-itemtype=\"picture\"><div data-imagetype=\"\" data-urlvariable=\"1\" data-sentattribute=\"\" data-variablename=\"\" data-shadowfx=\"0\" data-html=\"true\"  class=\"lfb_selectable  \"                   data-showinsummary=\"true\" data-woovar=\"0\" data-eddvar=\"0\" data-reduc=\"0\" data-reducqt=\"\"  data-operation=\"+\" data-itemid=\"272\"  data-group=\"myGroup\"  data-prodid=\"0\" data-title=\"Taller de pintar cer\u00e1mica 25\u20ac (Piezas medianas)\" data-toggle=\"tooltip\" title=\"Taller de pintar cer\u00e1mica 25\u20ac (Piezas medianas)\" data-originaltitle=\"Taller de pintar cer\u00e1mica 25\u20ac (Piezas medianas)\" data-originallabel=\"Taller de pintar cer\u00e1mica 25\u20ac (Piezas medianas)\" data-bs-placement=\"bottom\" data-price=\"25\" data-addtototal=\"0\" data-iconstyle=\"zoom\" data-flipfx=\"1\" data-quantityenabled=\"1\" data-defaultqt=\"0\"  ><img decoding=\"async\" data-no-lazy=\"1\" data-tint=\"false\" src=\"https:\/\/lapintoramica.com\/wp-content\/uploads\/2025\/11\/Taller-de-pintar-ceramica-25E-1.png\" alt=\"\" class=\"lfb_selectableImg img .png\" \/><span class=\"fas fa-check lfb_fxZoom icon_select\"><\/span><div class=\"quantityBtns\" data-qtdefault=\"0\" data-max=\"0\" data-min=\"0\">\r\n                                                <a href=\"javascript:\" data-btn=\"less\">-<\/a>\r\n                                                <a href=\"javascript:\" data-btn=\"more\">+<\/a>\r\n                                                <\/div><span class=\"palette-turquoise icon_quantity\">1<\/span><\/div><p class=\"lfb_itemDes \">Piezas medianas 25\u20ac<\/p><\/div><\/div><div class=\"lfb_column lfb_sortable col-md-2\" data-columnid=\"69173a74241d5\"><div class=\"lfb_itemBloc  lfb_item lfb_itemContainer_273   lfb_picRow\" data-id=\"273\"   data-itemtype=\"picture\"><div data-imagetype=\"\" data-urlvariable=\"1\" data-sentattribute=\"\" data-variablename=\"\" data-shadowfx=\"0\" data-html=\"true\"  class=\"lfb_selectable  \"                   data-showinsummary=\"true\" data-woovar=\"0\" data-eddvar=\"0\" data-reduc=\"0\" data-reducqt=\"\"  data-operation=\"+\" data-itemid=\"273\"    data-prodid=\"0\" data-title=\"Taller de pintar cer\u00e1mica 35\u20ac (Piezas grandes)\" data-toggle=\"tooltip\" title=\"Taller de pintar cer\u00e1mica 35\u20ac (Piezas grandes)\" data-originaltitle=\"Taller de pintar cer\u00e1mica 35\u20ac (Piezas grandes)\" data-originallabel=\"Taller de pintar cer\u00e1mica 35\u20ac (Piezas grandes)\" data-bs-placement=\"bottom\" data-price=\"35\" data-addtototal=\"0\" data-iconstyle=\"zoom\" data-flipfx=\"1\" data-quantityenabled=\"1\" data-defaultqt=\"0\"  ><img decoding=\"async\" data-no-lazy=\"1\" data-tint=\"false\" src=\"https:\/\/lapintoramica.com\/wp-content\/uploads\/2025\/11\/Taller-de-pintar-ceramica-35E-1.png\" alt=\"\" class=\"lfb_selectableImg img .png\" \/><span class=\"fas fa-check lfb_fxZoom icon_select\"><\/span><div class=\"quantityBtns\" data-qtdefault=\"0\" data-max=\"0\" data-min=\"0\">\r\n                                                <a href=\"javascript:\" data-btn=\"less\">-<\/a>\r\n                                                <a href=\"javascript:\" data-btn=\"more\">+<\/a>\r\n                                                <\/div><span class=\"palette-turquoise icon_quantity\">1<\/span><\/div><p class=\"lfb_itemDes \">Piezas grandes 35\u20ac<\/p><\/div><\/div><\/div> <\/div> <\/div><div class=\"lfb_errorMsg alert alert-danger\">Debe seleccionar un elemento para continuar<\/div><div class=\"text-center lfb_btnNextContainer\"><a href=\"javascript:\" id=\"lfb_btnNext_58\" class=\"btn btn-wide btn-primary lfb_btn-next \"><span class=\"lfb_btnContent\"><span class=\"fa fa-check\"><\/span>Siguiente paso<\/span><\/a><\/div><\/div><div class=\"lfb_genSlide\" data-start=\"0\"    data-showstepsum=\"1\" data-stepid=\"59\" data-title=\"\u00bfTe gustar\u00eda comer o beber algo durante el taller?\"  data-dependitem=\"0\">\t<h2 class=\"lfb_stepTitle\">\u00bfTe gustar\u00eda comer o beber algo durante el taller?<\/h2>\t<p class=\"lfb_stepDescription\">Ofrecemos una selecci\u00f3n de bebidas, que incluye zumos de frutas de diferentes sabores, caf\u00e9, t\u00e9, Coca-Cola, Fanta, vino tinto y vino blanco. En cuanto a tartas, tenemos tarta de queso de pistacho, tarta de queso Lotus, tarta de queso de chocolate blanco, tarta de queso de frutos del bosque y tarta de queso de dulce de leche.<\/p>\t<div class=\"lfb_genContent container \" >\t\t<div class=\"row lfb_row  lfb_sortable\"><div class=\"lfb_itemBloc col-md-12  lfb_item lfb_itemContainer_277   lfb_row row\"     data-id=\"277\" data-columns=\"[{&quot;id&quot;:&quot;69173d31cae4c&quot;,&quot;size&quot;:&quot;1\\\/4&quot;},{&quot;size&quot;:&quot;1\\\/4&quot;,&quot;id&quot;:&quot;69173d380ba07&quot;},{&quot;size&quot;:&quot;1\\\/4&quot;,&quot;id&quot;:&quot;69173d3cc5deb&quot;}]\" data-itemtype=\"row\"><div class=\"lfb_column lfb_sortable col-md-3\" data-columnid=\"69173d31cae4c\"><div class=\"lfb_itemBloc  lfb_item lfb_itemContainer_279   lfb_picRow\" data-id=\"279\"   data-itemtype=\"picture\"><div data-imagetype=\"\" data-urlvariable=\"1\" data-sentattribute=\"price\" data-variablename=\"\" data-shadowfx=\"0\" data-html=\"true\"  class=\"lfb_selectable  \"                   data-showinsummary=\"true\" data-woovar=\"0\" data-eddvar=\"0\" data-reduc=\"0\" data-reducqt=\"\"  data-operation=\"+\" data-itemid=\"279\"    data-prodid=\"0\" data-title=\"A\u00f1ade una bebida al taller 2\u20ac\" data-toggle=\"tooltip\" title=\"A\u00f1ade una bebida al taller 2\u20ac\" data-originaltitle=\"A\u00f1ade una bebida al taller 2\u20ac\" data-originallabel=\"A\u00f1ade una bebida al taller 2\u20ac\" data-bs-placement=\"bottom\" data-price=\"2\" data-addtototal=\"0\" data-iconstyle=\"zoom\" data-flipfx=\"1\" data-quantityenabled=\"1\" data-defaultqt=\"0\"  ><img decoding=\"async\" data-no-lazy=\"1\" data-tint=\"false\" src=\"https:\/\/lapintoramica.com\/wp-content\/uploads\/2025\/11\/Drinks-2E.png\" alt=\"\" class=\"lfb_selectableImg img .png\" \/><span class=\"fas fa-check lfb_fxZoom icon_select\"><\/span><div class=\"quantityBtns\" data-qtdefault=\"0\" data-max=\"0\" data-min=\"0\">\r\n                                                <a href=\"javascript:\" data-btn=\"less\">-<\/a>\r\n                                                <a href=\"javascript:\" data-btn=\"more\">+<\/a>\r\n                                                <\/div><span class=\"palette-turquoise icon_quantity\">1<\/span><\/div><p class=\"lfb_itemDes \">A\u00f1ade una bebida al taller 2\u20ac<\/p><\/div><\/div><div class=\"lfb_column lfb_sortable col-md-3\" data-columnid=\"69173d380ba07\"><div class=\"lfb_itemBloc  lfb_item lfb_itemContainer_280   lfb_picRow\" data-id=\"280\"   data-itemtype=\"picture\"><div data-imagetype=\"\" data-urlvariable=\"1\" data-sentattribute=\"price\" data-variablename=\"\" data-shadowfx=\"0\" data-html=\"true\"  class=\"lfb_selectable  \"                   data-showinsummary=\"true\" data-woovar=\"0\" data-eddvar=\"0\" data-reduc=\"0\" data-reducqt=\"\"  data-operation=\"+\" data-itemid=\"280\"    data-prodid=\"0\" data-title=\"A\u00f1ade un pastel al taller 4\u20ac (solo para el local del Born)\" data-toggle=\"tooltip\" title=\"A\u00f1ade un pastel al taller 4\u20ac (solo para el local del Born)\" data-originaltitle=\"A\u00f1ade un pastel al taller 4\u20ac (solo para el local del Born)\" data-originallabel=\"A\u00f1ade un pastel al taller 4\u20ac (solo para el local del Born)\" data-bs-placement=\"bottom\" data-price=\"4\" data-addtototal=\"0\" data-iconstyle=\"zoom\" data-flipfx=\"1\" data-quantityenabled=\"1\" data-defaultqt=\"0\"  ><img decoding=\"async\" data-no-lazy=\"1\" data-tint=\"false\" src=\"https:\/\/lapintoramica.com\/wp-content\/uploads\/2025\/11\/Cake-4E.png\" alt=\"\" class=\"lfb_selectableImg img .png\" \/><span class=\"fas fa-check lfb_fxZoom icon_select\"><\/span><div class=\"quantityBtns\" data-qtdefault=\"0\" data-max=\"0\" data-min=\"0\">\r\n                                                <a href=\"javascript:\" data-btn=\"less\">-<\/a>\r\n                                                <a href=\"javascript:\" data-btn=\"more\">+<\/a>\r\n                                                <\/div><span class=\"palette-turquoise icon_quantity\">1<\/span><\/div><p class=\"lfb_itemDes \">A\u00f1ade un pastel al taller 4\u20ac (solo para el local del Born)<\/p><\/div><\/div><div class=\"lfb_column lfb_sortable col-md-3\" data-columnid=\"69173d3cc5deb\"><div class=\"lfb_itemBloc  lfb_item lfb_itemContainer_281   lfb_picRow\" data-id=\"281\"   data-itemtype=\"picture\"><div data-imagetype=\"\" data-urlvariable=\"1\" data-sentattribute=\"price\" data-variablename=\"\" data-shadowfx=\"0\" data-html=\"true\"  class=\"lfb_selectable  \"                   data-showinsummary=\"true\" data-woovar=\"0\" data-eddvar=\"0\" data-reduc=\"0\" data-reducqt=\"\"  data-operation=\"+\" data-itemid=\"281\"    data-prodid=\"0\" data-title=\"A\u00f1ade una bebida + pastel al taller 5\u20ac (solo para el local del Born)\" data-toggle=\"tooltip\" title=\"A\u00f1ade una bebida + pastel al taller 5\u20ac (solo para el local del Born)\" data-originaltitle=\"A\u00f1ade una bebida + pastel al taller 5\u20ac (solo para el local del Born)\" data-originallabel=\"A\u00f1ade una bebida + pastel al taller 5\u20ac (solo para el local del Born)\" data-bs-placement=\"bottom\" data-price=\"5\" data-addtototal=\"0\" data-iconstyle=\"zoom\" data-flipfx=\"1\" data-quantityenabled=\"1\" data-defaultqt=\"0\"  ><img decoding=\"async\" data-no-lazy=\"1\" data-tint=\"false\" src=\"https:\/\/lapintoramica.com\/wp-content\/uploads\/2025\/11\/Drink-cake-5E.png\" alt=\"\" class=\"lfb_selectableImg img .png\" \/><span class=\"fas fa-check lfb_fxZoom icon_select\"><\/span><div class=\"quantityBtns\" data-qtdefault=\"0\" data-max=\"0\" data-min=\"0\">\r\n                                                <a href=\"javascript:\" data-btn=\"less\">-<\/a>\r\n                                                <a href=\"javascript:\" data-btn=\"more\">+<\/a>\r\n                                                <\/div><span class=\"palette-turquoise icon_quantity\">1<\/span><\/div><p class=\"lfb_itemDes \">A\u00f1ade una bebida + pastel al taller 5\u20ac (solo para el local del Born)<\/p><\/div><\/div><\/div> <\/div> <\/div><div class=\"lfb_errorMsg alert alert-danger\">Debe seleccionar un elemento para continuar<\/div><div class=\"text-center lfb_btnNextContainer\"><a href=\"javascript:\" id=\"lfb_btnNext_59\" class=\"btn btn-wide btn-primary lfb_btn-next \"><span class=\"lfb_btnContent\"><span class=\"fa fa-check\"><\/span>Siguiente paso<\/span><\/a><br\/><div class=\"lfb_linkPreviousCt\"><a href=\"javascript:\"  class=\"linkPrevious\"><span class=\"fa fa-arrow-left me-2\"><\/span>Paso anterior<\/a><\/div><\/div><\/div><div class=\"lfb_genSlide\" id=\"finalSlide\" data-stepid=\"final\" data-title=\"Costo final\">\r\n                <h2 class=\"lfb_stepTitle\">Costo final<\/h2>\r\n                <div class=\"lfb_genContent container\">\r\n                    <div class=\"row lfb_row lfb_genContentSlide active  lfb_sortable\">\r\n                        <p id=\"lfb_finalLabel\" class=\"\">El precio final estimado es:<\/p><div id=\"lfb_finalPrice\" class=\"\"><span><\/span><\/div><div id=\"lfb_subTxtValue\" class=\"lfb_dynamicHide\"><\/div><div class=\"lfb_itemBloc col-md-12  lfb_item lfb_itemContainer_267   lfb_row row\"     data-id=\"267\" data-columns=\"[{&quot;id&quot;:&quot;69173a7423001&quot;,&quot;size&quot;:&quot;1\\\/1&quot;},{&quot;id&quot;:&quot;69173a7423002&quot;,&quot;size&quot;:&quot;1\\\/1&quot;}]\" data-itemtype=\"row\"><div class=\"lfb_column lfb_sortable col-md-12\" data-columnid=\"69173a7423001\"><div class=\"lfb_itemBloc  lfb_item lfb_itemContainer_268  \" data-alignment=\"0\" data-id=\"268\" data-itemtype=\"textfield\"><div class=\"form-group\"><label>Introduce tu correo<\/label>\r\n                 <div class=\"input-group\"><span class=\"input-group-addon\" id=\"basic-addon1\"><span class=\"fas fa-envelope\"><\/span><\/span><input   data-prefill=\"\" data-urlvariable=\"1\" data-sentattribute=\"\"  data-variablename=\"\"  data-type=\"textfield\" type=\"text\" data-validation=\"email\" data-autocomplete=\"0\" placeholder=\"\" data-fieldtype=\"email\"       autocomplete=\"on\" name=\"email\"     data-itemid=\"268\"   data-showinsummary=\"true\"  class=\"form-control\" data-required=\"true\"  data-title=\"Introduce tu correo\" data-originaltitle=\"Introduce tu correo\"  data-originallabel=\"Introduce tu correo\"  \/><\/div><\/div><\/div><div class=\"lfb_itemBloc  lfb_item lfb_itemContainer_282  \" data-alignment=\"0\"  data-id=\"282\" data-itemtype=\"numberfield\"><div class=\"form-group\"><label>Introduce tu tel\u00e9fono<\/label>\r\n                     <input   data-prefill=\"\" data-urlvariable=\"1\"  data-prodid=\"0\"  data-eddvar=\"0\" data-woovar=\"0\" data-sentattribute=\"price\" data-variablename=\"\"  data-type=\"numberfield\" type=\"number\"     data-reduc=\"0\" data-reducqt=\"\"  data-price=\"0\"   data-operation=\"+\" data-addtototal=\"0\"   data-valueasqt=\"0\" placeholder=\"\"         data-itemid=\"282\" min=\"0\"  data-showinsummary=\"true\"   class=\"form-control \"  data-title=\"Introduce tu tel\u00e9fono\" data-originaltitle=\"Introduce tu tel\u00e9fono\"  data-originallabel=\"Introduce tu tel\u00e9fono\"  \/>\r\n                  <\/div><\/div><\/div><div class=\"lfb_column lfb_sortable col-md-12\" data-columnid=\"69173a7423002\"><div class=\"lfb_itemBloc  lfb_item lfb_itemContainer_269  \" data-alignment=\"0\" data-id=\"269\" data-itemtype=\"textarea\"><div class=\"form-group\"><label>Mensaje<\/label>\r\n                 <textarea    data-prefill=\"\" data-urlvariable=\"1\" data-sentattribute=\"\"  data-variablename=\"\" placeholder=\"\"  data-type=\"textarea\" data-itemid=\"269\"          data-showinsummary=\"true\"  class=\"form-control\"  data-title=\"Mensaje\" data-originaltitle=\"Mensaje\"  data-originallabel=\"Mensaje\" ><\/textarea><\/div><\/div><\/div><\/div>\r\n                   <div id=\"lfb_summary\" class=\"lfb_summary table-responsive lfb-hidden\">\r\n                        <h3>Summary<\/h3>\r\n                        <table class=\"table table-bordered\">\r\n                            <thead>\r\n                                <th>Descripci\u00f3n<\/th>\r\n                                <th class=\"lfb_valueTh\">Informaci\u00f3n<\/th>\r\n                                <th class=\"lfb_quantityTh \">Cantidad<\/th>\r\n                                <th class=\"lfb_priceTh \">Precio<\/th>\r\n                            <\/thead>\r\n                            <tbody>\r\n                                <tr id=\"lfb_summaryDiscountTr\" class=\"lfb_static \"><th colspan=\"3\">Descuento :<\/th><th id=\"lfb_summaryDiscount\"><span><\/span><\/th><\/tr>\r\n                                <tr id=\"lfb_summaryTotalTr\" class=\"lfb_static \"><th colspan=\"3\">Total :<\/th><th id=\"lfb_summaryTotal\"><span><\/span><\/th><\/tr>\r\n                            <\/tbody>\r\n                        <\/table>\r\n                    <\/div><div id=\"lfb_lastStepDown\"><\/div><div class=\"text-center lfb_btnNextContainer\"><a href=\"javascript:\" id=\"lfb_btnOrder\" class=\"btn btn-wide btn-primary\"><span class=\"fa fa-check\"><\/span>SOLICITAR PRESUPUESTO<\/a><br\/><div class=\"lfb_linkPreviousCt\"><a href=\"javascript:\" class=\"linkPrevious\"><span class=\"fa fa-arrow-left me-2\"><\/span>Paso anterior<\/a><\/div><\/div><div class=\"clearfix\" data-tldinit=\"true\"><\/div><\/div><\/div><\/div><\/div><\/div><\/div><\/div><\/div><\/div>\n\t\t\t\t\t\t<\/div>\n\t\t\t\t<\/div>\n\t\t\t\t\t<\/div>\n\t\t\t\t<\/div>\n\t\t\t\t<\/div>\n\t\t","protected":false},"excerpt":{"rendered":"","protected":false},"author":26,"featured_media":0,"parent":0,"menu_order":0,"comment_status":"closed","ping_status":"closed","template":"","meta":{"_eb_attr":"","footnotes":""},"class_list":["post-28031","page","type-page","status-publish","hentry"],"_links":{"self":[{"href":"https:\/\/lapintoramica.com\/en\/wp-json\/wp\/v2\/pages\/28031","targetHints":{"allow":["GET"]}}],"collection":[{"href":"https:\/\/lapintoramica.com\/en\/wp-json\/wp\/v2\/pages"}],"about":[{"href":"https:\/\/lapintoramica.com\/en\/wp-json\/wp\/v2\/types\/page"}],"author":[{"embeddable":true,"href":"https:\/\/lapintoramica.com\/en\/wp-json\/wp\/v2\/users\/26"}],"replies":[{"embeddable":true,"href":"https:\/\/lapintoramica.com\/en\/wp-json\/wp\/v2\/comments?post=28031"}],"version-history":[{"count":6,"href":"https:\/\/lapintoramica.com\/en\/wp-json\/wp\/v2\/pages\/28031\/revisions"}],"predecessor-version":[{"id":28039,"href":"https:\/\/lapintoramica.com\/en\/wp-json\/wp\/v2\/pages\/28031\/revisions\/28039"}],"wp:attachment":[{"href":"https:\/\/lapintoramica.com\/en\/wp-json\/wp\/v2\/media?parent=28031"}],"curies":[{"name":"wp","href":"https:\/\/api.w.org\/{rel}","templated":true}]}}