{"id":10789,"date":"2024-03-16T13:02:08","date_gmt":"2024-03-16T13:02:08","guid":{"rendered":"https:\/\/lapintoramica.com\/?page_id=10789"},"modified":"2026-03-25T11:57:14","modified_gmt":"2026-03-25T10:57:14","slug":"reservation","status":"publish","type":"page","link":"https:\/\/lapintoramica.com\/en\/reservation\/","title":{"rendered":"BOOK NOW"},"content":{"rendered":"<div data-elementor-type=\"wp-page\" data-elementor-id=\"10789\" class=\"elementor elementor-10789\" data-elementor-post-type=\"page\">\n\t\t\t\t<div class=\"elementor-element elementor-element-c519cb9 e-flex e-con-boxed e-con e-parent\" data-id=\"c519cb9\" data-element_type=\"container\" data-e-type=\"container\">\n\t\t\t\t\t<div class=\"e-con-inner\">\n\t\t\t\t<div class=\"elementor-element elementor-element-8c1c6ae elementor-widget elementor-widget-booknetic\" data-id=\"8c1c6ae\" data-element_type=\"widget\" data-e-type=\"widget\" data-widget_type=\"booknetic.default\">\n\t\t\t\t<div class=\"elementor-widget-container\">\n\t\t\t\t\t<div id=\"bookneticElementorContainer\">\r\n<div id=\"booknetic_progress\" class=\"booknetic_progress_waiting booknetic_progress_done\"><dt><\/dt><dd><\/dd><\/div>\r\n\r\n<div class=\"booknetic_appointment\" id=\"booknetic_theme_2\" data-info=\"f1939de0a05c72bf3647ab32c7fae5bc32dd85891c54a281ae1065b518f08a0b:W10=\">\r\n\t<div class=\"booknetic_appointment_steps\">\r\n\t\t\t\t<div class=\"booknetic_appointment_steps_body nice-scrollbar-primary\">\r\n\t\t\t                <div class=\"need_copy  booknetic_appointment_step_element\"  data-step-id=\"location\" data-loader=\"card1\" data-title=\"Select location\" >\r\n                    <span class=\"booknetic_badge\"><\/span>\r\n                    <span class=\"booknetic_step_title\"> Location<\/span>\r\n                <\/div>\r\n                                <div class=\"need_copy  booknetic_appointment_step_element booknetic_menu_hidden\"  data-value=\"-1\" data-step-id=\"staff\" data-loader=\"card1\" data-title=\"Select staff\" >\r\n                    <span class=\"booknetic_badge\"><\/span>\r\n                    <span class=\"booknetic_step_title\"> Staff<\/span>\r\n                <\/div>\r\n                                <div class=\"need_copy  booknetic_appointment_step_element\"  data-step-id=\"service\" data-loader=\"card2\" data-title=\"Select service\"  data-service-category=\"\">\r\n                    <span class=\"booknetic_badge\"><\/span>\r\n                    <span class=\"booknetic_step_title\"> Service<\/span>\r\n                <\/div>\r\n                                <div class=\"need_copy  booknetic_appointment_step_element booknetic_menu_hidden\"  data-step-id=\"service_extras\" data-loader=\"card2\" data-title=\"Select service extras\" >\r\n                    <span class=\"booknetic_badge\"><\/span>\r\n                    <span class=\"booknetic_step_title\"> Service Extras<\/span>\r\n                <\/div>\r\n                                <div class=\"need_copy  booknetic_appointment_step_element\"  data-step-id=\"date_time\" data-loader=\"card3\" data-title=\"Select Date &amp; Time\" >\r\n                    <span class=\"booknetic_badge\"><\/span>\r\n                    <span class=\"booknetic_step_title\"> Date &amp; Time<\/span>\r\n                <\/div>\r\n                                <div class=\"need_copy  booknetic_appointment_step_element booknetic_menu_hidden\"  data-step-id=\"recurring_info\" data-loader=\"card3\" data-title=\"Recurring info\" >\r\n                    <span class=\"booknetic_badge\"><\/span>\r\n                    <span class=\"booknetic_step_title\"> Recurring info<\/span>\r\n                <\/div>\r\n                                <div class=\"need_copy  booknetic_appointment_step_element\"  data-step-id=\"information\" data-loader=\"card3\" data-title=\"Fill information\" >\r\n                    <span class=\"booknetic_badge\"><\/span>\r\n                    <span class=\"booknetic_step_title\"> Information<\/span>\r\n                <\/div>\r\n                                <div class=\"booknetic_appointment_step_element booknetic_menu_hidden\"  data-step-id=\"cart\" data-loader=\"card3\" data-title=\"Add to cart\" >\r\n                    <span class=\"booknetic_badge\"><\/span>\r\n                    <span class=\"booknetic_step_title\"> Cart<\/span>\r\n                <\/div>\r\n                                <div class=\"booknetic_appointment_step_element\"  data-step-id=\"confirm_details\" data-loader=\"card3\" data-title=\"Confirm Details\" >\r\n                    <span class=\"booknetic_badge\"><\/span>\r\n                    <span class=\"booknetic_step_title\"> Confirmation<\/span>\r\n                <\/div>\r\n                        <\/div>\r\n        <div class=\"booknetic_appointment_steps_footer\">\r\n            <div class=\"booknetic_appointment_steps_footer_txt1\">Have any questions?<\/div>\r\n            <div class=\"booknetic_appointment_steps_footer_txt2\">623589467<\/div>\r\n        <\/div>\r\n    <\/div>\r\n    <div class=\"booknetic_appointment_container\">\r\n\r\n        <div class=\"booknetic_appointment_container_header\">\r\n            <div class=\"booknetic_appointment_container_header_text\"><\/div>\r\n                    <\/div>\r\n        <div class=\"booknetic_appointment_container_body\">\r\n\r\n            <div class=\"booknetic_preloader_card1_box booknetic_hidden\">\r\n\r\n                <div class=\"booknetic_preloader_card1\">\r\n                    <div class=\"booknetic_preloader_card1_image\"><\/div>\r\n                    <div class=\"booknetic_preloader_card1_description\"><\/div>\r\n                <\/div>\r\n\r\n                <div class=\"booknetic_preloader_card1\">\r\n                    <div class=\"booknetic_preloader_card1_image\"><\/div>\r\n                    <div class=\"booknetic_preloader_card1_description\"><\/div>\r\n                <\/div>\r\n\r\n                <div class=\"booknetic_preloader_card1\">\r\n                    <div class=\"booknetic_preloader_card1_image\"><\/div>\r\n                    <div class=\"booknetic_preloader_card1_description\"><\/div>\r\n                <\/div>\r\n\r\n            <\/div>\r\n\r\n            <div class=\"booknetic_preloader_card2_box booknetic_hidden\">\r\n                <div class=\"booknetic_preloader_card2\">\r\n                    <div class=\"booknetic_preloader_card2_image\"><\/div>\r\n                    <div class=\"booknetic_preloader_card2_description\"><\/div>\r\n                <\/div>\r\n\r\n                <div class=\"booknetic_preloader_card2\">\r\n                    <div class=\"booknetic_preloader_card2_image\"><\/div>\r\n                    <div class=\"booknetic_preloader_card2_description\"><\/div>\r\n                <\/div>\r\n\r\n                <div class=\"booknetic_preloader_card2\">\r\n                    <div class=\"booknetic_preloader_card2_image\"><\/div>\r\n                    <div class=\"booknetic_preloader_card2_description\"><\/div>\r\n                <\/div>\r\n            <\/div>\r\n\r\n            <div class=\"booknetic_preloader_card3_box booknetic_hidden\">\r\n                <div class=\"booknetic_preloader_card3\"><\/div>\r\n                <div class=\"booknetic_preloader_card3\"><\/div>\r\n                <div class=\"booknetic_preloader_card3\"><\/div>\r\n                <div class=\"booknetic_preloader_card3\"><\/div>\r\n            <\/div>\r\n\r\n            <div class=\"booknetic_need_copy\" >\r\n                <div data-step-id=\"location\" class=\"booknetic_hidden\"><\/div>\r\n                <div data-step-id=\"staff\" class=\"booknetic_hidden\"><\/div>\r\n                <div data-step-id=\"service\" class=\"booknetic_hidden\"><\/div>\r\n                <div data-step-id=\"service_extras\" class=\"booknetic_hidden\"><\/div>\r\n                <div data-step-id=\"date_time\" class=\"booknetic_hidden\"><\/div>\r\n                <div data-step-id=\"recurring_info\" class=\"booknetic_hidden\"><\/div>\r\n                <div data-step-id=\"information\" class=\"booknetic_hidden\"><\/div>\r\n            <\/div>\r\n            <div data-step-id=\"cart\" class=\"booknetic_hidden\"><\/div>\r\n            <div data-step-id=\"confirm_details\" class=\"booknetic_hidden\"><\/div>\r\n\r\n            <div class=\"booknetic_appointment_finished_with_error booknetic_hidden\">\r\n                <img decoding=\"async\" src=\"https:\/\/lapintoramica.com\/wp-content\/plugins\/booknetic\/app\/Frontend\/assets\/images\/payment-error.svg\">\r\n                <div>We are not able to process your payment. Please, try again.<\/div>\r\n            <\/div>\r\n\r\n        <\/div>\r\n        <div class=\"booknetic_appointment_container_footer\">\r\n            <button type=\"button\" class=\"booknetic_btn_secondary booknetic_prev_step\">BACK<\/button>\r\n            <div class=\"booknetic_warning_message\"><\/div>\r\n            <button type=\"button\" class=\"booknetic_btn_primary booknetic_next_step booknetic_next_step_btn\">NEXT STEP<\/button>\r\n            <button type=\"button\" class=\"booknetic_btn_primary booknetic_next_step booknetic_confirm_booking_btn\">CONFIRM BOOKING<\/button>\r\n            <button type=\"button\" class=\"booknetic_btn_primary booknetic_hidden booknetic_try_again_btn\">TRY AGAIN<\/button>\r\n        <\/div>\r\n    <\/div>\r\n    <div class=\"booknetic_appointment_finished\">\r\n        <div class=\"booknetic_appointment_finished_icon\"><img decoding=\"async\" src=\"https:\/\/lapintoramica.com\/wp-content\/plugins\/booknetic\/app\/Frontend\/assets\/icons\/status-ok.svg\"><\/div>\r\n        <div class=\"booknetic_appointment_finished_title\">Thank you for your request!<\/div>\r\n        <div class=\"booknetic_appointment_finished_subtitle booknetic_hidden\">Your confirmation number:<\/div>\r\n        <div class=\"booknetic_appointment_finished_code booknetic_hidden\"><\/div>\r\n        <div class=\"booknetic_appointment_finished_actions\">\r\n            <button type=\"button\" id=\"booknetic_add_to_google_calendar_btn\" class=\"booknetic_btn_secondary\"><img decoding=\"async\" src=\"https:\/\/lapintoramica.com\/wp-content\/plugins\/booknetic\/app\/Frontend\/assets\/icons\/calendar.svg\"> ADD TO GOOGLE CALENDAR<\/button>\r\n            <a id=\"booknetic_add_to_icalendar_btn\" download=\"event.ics\" class=\"booknetic_btn_secondary booknetic_hidden\"><img decoding=\"async\" src=\"https:\/\/lapintoramica.com\/wp-content\/plugins\/booknetic\/app\/Frontend\/assets\/icons\/calendar.svg\"> ADD TO iCAL CALENDAR<\/a>\r\n            <button type=\"button\" id=\"booknetic_start_new_booking_btn\" class=\"booknetic_btn_secondary booknetic_hidden\"><img decoding=\"async\" src=\"https:\/\/lapintoramica.com\/wp-content\/plugins\/booknetic\/app\/Frontend\/assets\/icons\/plus.svg\"> START NEW BOOKING<\/button>\r\n            <button type=\"button\" id=\"booknetic_finish_btn\" class=\"booknetic_btn_secondary\" data-redirect-url=\"\"><img decoding=\"async\" src=\"https:\/\/lapintoramica.com\/wp-content\/plugins\/booknetic\/app\/Frontend\/assets\/icons\/check-small.svg\"> FINISH BOOKING<\/button>\r\n        <\/div>\r\n    <\/div>\r\n    <\/div>\r\n\r\n<\/div>\t\t\t\t<\/div>\n\t\t\t\t<\/div>\n\t\t\t\t\t<\/div>\n\t\t\t\t<\/div>\n\t\t<div class=\"elementor-element elementor-element-b2b4342 e-flex e-con-boxed e-con e-parent\" data-id=\"b2b4342\" data-element_type=\"container\" data-e-type=\"container\">\n\t\t\t\t\t<div class=\"e-con-inner\">\n\t\t\t\t<div class=\"elementor-element elementor-element-95baf40 elementor-widget elementor-widget-heading\" data-id=\"95baf40\" data-element_type=\"widget\" data-e-type=\"widget\" data-widget_type=\"heading.default\">\n\t\t\t\t<div class=\"elementor-widget-container\">\n\t\t\t\t\t<h1 class=\"elementor-heading-title elementor-size-default\">Book your ceramics workshop in Barcelona<\/h1>\t\t\t\t<\/div>\n\t\t\t\t<\/div>\n\t\t\t\t\t<\/div>\n\t\t\t\t<\/div>\n\t\t<div class=\"elementor-element elementor-element-e57b670 e-flex e-con-boxed e-con e-parent\" data-id=\"e57b670\" data-element_type=\"container\" data-e-type=\"container\">\n\t\t\t\t\t<div class=\"e-con-inner\">\n\t\t\t\t<div class=\"elementor-element elementor-element-003313b elementor-widget elementor-widget-wd_text_block\" data-id=\"003313b\" data-element_type=\"widget\" data-e-type=\"widget\" data-widget_type=\"wd_text_block.default\">\n\t\t\t\t<div class=\"elementor-widget-container\">\n\t\t\t\t\t\t\t<div class=\"wd-text-block reset-last-child text-center\">\n\t\t\t\n\t\t\t<p>Booking a ceramics workshop in Barcelona is very easy with La Pintor\u00e0mica. You can choose the day, the piece, and come enjoy a unique creative experience in our spaces in Gr\u00e0cia and El Born.<\/p><p>Our ceramics painting workshop in Barcelona is designed for all levels, with no prior experience needed. You just have to select the time slot and come enjoy a different activity.<\/p><p>Book your ceramics workshop in Barcelona now and secure your spot to enjoy a creative, relaxing, and original experience.<\/p>\n\t\t\t\t\t<\/div>\n\t\t\t\t\t\t<\/div>\n\t\t\t\t<\/div>\n\t\t\t\t\t<\/div>\n\t\t\t\t<\/div>\n\t\t\t\t<\/div>","protected":false},"excerpt":{"rendered":"<p>Reserva el teu taller de cer\u00e0mica a Barcelona Reservar un taller de cer\u00e0mica a Barcelona \u00e9s molt f\u00e0cil amb La<\/p>","protected":false},"author":26,"featured_media":0,"parent":0,"menu_order":0,"comment_status":"closed","ping_status":"closed","template":"","meta":{"_eb_attr":"","footnotes":""},"class_list":["post-10789","page","type-page","status-publish","hentry"],"_links":{"self":[{"href":"https:\/\/lapintoramica.com\/en\/wp-json\/wp\/v2\/pages\/10789","targetHints":{"allow":["GET"]}}],"collection":[{"href":"https:\/\/lapintoramica.com\/en\/wp-json\/wp\/v2\/pages"}],"about":[{"href":"https:\/\/lapintoramica.com\/en\/wp-json\/wp\/v2\/types\/page"}],"author":[{"embeddable":true,"href":"https:\/\/lapintoramica.com\/en\/wp-json\/wp\/v2\/users\/26"}],"replies":[{"embeddable":true,"href":"https:\/\/lapintoramica.com\/en\/wp-json\/wp\/v2\/comments?post=10789"}],"version-history":[{"count":53,"href":"https:\/\/lapintoramica.com\/en\/wp-json\/wp\/v2\/pages\/10789\/revisions"}],"predecessor-version":[{"id":33860,"href":"https:\/\/lapintoramica.com\/en\/wp-json\/wp\/v2\/pages\/10789\/revisions\/33860"}],"wp:attachment":[{"href":"https:\/\/lapintoramica.com\/en\/wp-json\/wp\/v2\/media?parent=10789"}],"curies":[{"name":"wp","href":"https:\/\/api.w.org\/{rel}","templated":true}]}}